{"id":137,"date":"2025-04-29T11:24:42","date_gmt":"2025-04-29T10:24:42","guid":{"rendered":"https:\/\/sophroserein.fr\/?page_id=137"},"modified":"2025-06-04T08:35:44","modified_gmt":"2025-06-04T07:35:44","slug":"mentions-legales","status":"publish","type":"page","link":"https:\/\/sophroserein.fr\/?page_id=137","title":{"rendered":"Mentions L\u00e9gales"},"content":{"rendered":"<p>[et_pb_section fb_built=\u00a0\u00bb1&Prime; admin_label=\u00a0\u00bbHeader\u00a0\u00bb _builder_version=\u00a0\u00bb4.17.4&Prime; _module_preset=\u00a0\u00bbdefault\u00a0\u00bb custom_padding=\u00a0\u00bb0px||0px|||\u00a0\u00bb collapsed=\u00a0\u00bbon\u00a0\u00bb global_colors_info=\u00a0\u00bb{}\u00a0\u00bb][et_pb_row _builder_version=\u00a0\u00bb4.17.4&Prime; _module_preset=\u00a0\u00bbdefault\u00a0\u00bb width=\u00a0\u00bb70%\u00a0\u00bb width_tablet=\u00a0\u00bb80%\u00a0\u00bb width_phone=\u00a0\u00bb80%\u00a0\u00bb width_last_edited=\u00a0\u00bbon|tablet\u00a0\u00bb global_colors_info=\u00a0\u00bb{}\u00a0\u00bb][et_pb_column type=\u00a0\u00bb4_4&Prime; _builder_version=\u00a0\u00bb4.17.4&Prime; _module_preset=\u00a0\u00bbdefault\u00a0\u00bb global_colors_info=\u00a0\u00bb{}\u00a0\u00bb][et_pb_text _builder_version=\u00a0\u00bb4.27.4&Prime; _module_preset=\u00a0\u00bbdefault\u00a0\u00bb hover_enabled=\u00a0\u00bb0&Prime; sticky_enabled=\u00a0\u00bb0&Prime;]<\/p>\n<h1>Mentions L\u00e9gales<\/h1>\n<p>[\/et_pb_text][et_pb_text _builder_version=\u00a0\u00bb4.27.4&Prime; _module_preset=\u00a0\u00bb1f09816e-184e-4ce5-a4cf-b39c52c423ca\u00a0\u00bb text_font=\u00a0\u00bb&#8211;et_global_body_font||||||||\u00a0\u00bb text_line_height=\u00a0\u00bb1.8em\u00a0\u00bb link_text_color=\u00a0\u00bb#043744&Prime; text_orientation=\u00a0\u00bbjustified\u00a0\u00bb hover_enabled=\u00a0\u00bb0&Prime; text_font_size_tablet=\u00a0\u00bb15px\u00a0\u00bb text_font_size_phone=\u00a0\u00bb14px\u00a0\u00bb text_font_size_last_edited=\u00a0\u00bbon|phone\u00a0\u00bb header_font_size_tablet=\u00a0\u00bb55px\u00a0\u00bb header_font_size_last_edited=\u00a0\u00bboff|desktop\u00a0\u00bb global_colors_info=\u00a0\u00bb{}\u00a0\u00bb text_text_color=\u00a0\u00bb#043744&Prime; sticky_enabled=\u00a0\u00bb0&Prime;]<\/p>\n<p><span>L&rsquo;entreprise individuelle EI Manon Tourvieille, soucieuse des droits des individus, notamment au regard des traitements automatis\u00e9s et dans une volont\u00e9 de transparence avec ses clients, a mis en place une politique reprenant l\u2019ensemble de ces traitements, des finalit\u00e9s poursuivies par ces derniers ainsi que des moyens d\u2019actions \u00e0 la disposition des individus afin qu\u2019ils puissent au mieux exercer leurs droits.\u00a0<\/span><\/p>\n<p><span>Pour toute information compl\u00e9mentaire sur la protection des donn\u00e9es personnelles, nous vous invitons \u00e0 consulter le site\u00a0:\u00a0<\/span><span><a href=\"https:\/\/www.cnil.fr\/\">https:\/\/www.cnil.fr\/<\/a><\/span><\/p>\n<p>&nbsp;<\/p>\n<p><span>La poursuite de la navigation sur ce site vaut acceptation sans r\u00e9serve des dispositions et conditions d&rsquo;utilisation qui suivent.\u00a0<\/span><\/p>\n<p><span>La version actuellement en ligne de ces conditions d&rsquo;utilisation est la seule opposable pendant toute la dur\u00e9e d&rsquo;utilisation du site et jusqu&rsquo;\u00e0 ce qu&rsquo;une nouvelle version la remplace.<\/span><\/p>\n<p><span><strong>Article 1 &#8211; Mentions\u00a0l\u00e9gales<br \/><\/strong><u>1.1\u00a0Site (ci-apr\u00e8s \u00ab\u00a0le site\u00a0\u00bb)<\/u>\u00a0:\u00a0<\/span><\/p>\n<p><span>sophroserein.fr<\/span><\/p>\n<p>&nbsp;<\/p>\n<p><span><u>1.2\u00a0\u00c9diteur (ci-apr\u00e8s \u00ab\u00a0l&rsquo;\u00e9diteur\u00a0\u00bb)<\/u>\u00a0:\u00a0<\/span><\/p>\n<p>L&rsquo;entreprise individuelle\u00a0<span>EI Manon Tourvieille<\/span><\/p>\n<p><span>situ\u00e9e :\u00a023 rue de la Paix,\u00a016000 Angoul\u00eame<\/span><\/p>\n<p><span>immatricul\u00e9e au RCS de Angoul\u00eame\u00a0<\/span><\/p>\n<p>SIRET N\u00b0 : 944 169 440 00012<\/p>\n<p><span>n\u00b0 de t\u00e9l\u00e9phone :\u00a007 69 10 83 08<\/span><\/p>\n<p><span>adresse mail :\u00a0manon@sophroserein.fr<\/span><\/p>\n<p>&nbsp;<\/p>\n<p><span><u>1.3\u00a0H\u00e9bergeur (ci-apr\u00e8s \u00ab l&rsquo;h\u00e9bergeur \u00bb)<\/u>\u00a0:\u00a0<\/span><\/p>\n<p><span>sophroserein.fr\u00a0est h\u00e9berg\u00e9 par\u00a0Ionos SARL, dont le si\u00e8ge social est situ\u00e9\u00a07 PLACE DE LA GARE\u00a057200 SARREGUEMINES.<br \/><\/span><\/p>\n<p><span>\u00a0<\/span><\/p>\n<p><span><strong>Article 2 &#8211;\u00a0Acc\u00e8s au site<br \/><\/strong>L&rsquo;acc\u00e8s au site et son utilisation sont r\u00e9serv\u00e9s \u00e0 un usage strictement personnel. Vous vous engagez \u00e0 ne pas utiliser ce site et les informations ou donn\u00e9es qui y figurent \u00e0 des fins commerciales, politiques, publicitaires et pour toute forme de sollicitation commerciale et notamment l&rsquo;envoi de courriers \u00e9lectroniques non sollicit\u00e9s.<\/span><\/p>\n<p><span><strong>Article 3 &#8211;\u00a0Contenu du site<br \/><\/strong>Toutes les marques, photographies, textes, commentaires, illustrations, images anim\u00e9es ou non, s\u00e9quences vid\u00e9o, sons, ainsi que toutes les applications informatiques qui pourraient \u00eatre utilis\u00e9es pour faire fonctionner ce site et plus g\u00e9n\u00e9ralement tous les \u00e9l\u00e9ments reproduits ou utilis\u00e9s sur le site sont prot\u00e9g\u00e9s par les lois en vigueur au titre de la propri\u00e9t\u00e9 intellectuelle.<\/span><\/p>\n<p><span>Ils sont la propri\u00e9t\u00e9 pleine et enti\u00e8re de l&rsquo;\u00e9diteur ou de ses partenaires. Toute reproduction, repr\u00e9sentation, utilisation ou adaptation, sous quelque forme que ce soit, de tout ou partie de ces \u00e9l\u00e9ments, y compris les applications informatiques, sans l&rsquo;accord pr\u00e9alable et \u00e9crit de l&rsquo;\u00e9diteur, sont strictement interdites. Le fait pour l&rsquo;\u00e9diteur de ne pas engager de proc\u00e9dure d\u00e8s la prise de connaissance de ces utilisations non autoris\u00e9es ne vaut pas acceptation desdites utilisations et renonciation aux poursuites.<\/span><\/p>\n<p><span><strong>Article 4 &#8211;\u00a0Gestion du site<br \/><\/strong>Pour la bonne gestion du site, l&rsquo;\u00e9diteur pourra \u00e0 tout moment\u00a0:<\/span><\/p>\n<p><span>&#8211;\u00a0\u00a0suspendre, interrompre ou limiter l&rsquo;acc\u00e8s \u00e0 tout ou partie du site, r\u00e9server l&rsquo;acc\u00e8s au site, ou \u00e0 certaines parties du site, \u00e0 une cat\u00e9gorie d\u00e9termin\u00e9e d&rsquo;internautes ;<\/span><\/p>\n<p><span>&#8211;\u00a0\u00a0supprimer toute information pouvant en perturber le fonctionnement ou entrant en contravention avec les lois nationales ou internationales ;<\/span><\/p>\n<p><span>&#8211;\u00a0\u00a0suspendre le site afin de proc\u00e9der \u00e0 des mises \u00e0 jour.<\/span><\/p>\n<p><span><strong>Article 5 &#8211;\u00a0Responsabilit\u00e9s<\/strong><\/span><\/p>\n<p><span>La responsabilit\u00e9 de l&rsquo;\u00e9diteur ne peut \u00eatre engag\u00e9e en cas de d\u00e9faillance, panne, difficult\u00e9 ou interruption de fonctionnement, emp\u00eachant l&rsquo;acc\u00e8s au site ou \u00e0 une de ses fonctionnalit\u00e9s.<\/span><\/p>\n<p><span>Le mat\u00e9riel de connexion au site que vous utilisez est sous votre enti\u00e8re responsabilit\u00e9. Vous devez prendre toutes les mesures appropri\u00e9es pour prot\u00e9ger votre mat\u00e9riel et vos propres donn\u00e9es notamment d&rsquo;attaques virales par Internet. Vous \u00eates par ailleurs\u00a0seul responsable des sites et donn\u00e9es que vous consultez.<\/span><\/p>\n<p>&nbsp;<\/p>\n<p><span>L&rsquo;\u00e9diteur ne pourra \u00eatre tenu responsable en cas de poursuites judiciaires \u00e0 votre encontre :<\/span><\/p>\n<p><span>&#8211;\u00a0\u00a0du fait de l&rsquo;usage du site ou de tout service accessible\u00a0via\u00a0Internet\u00a0;<\/span><\/p>\n<p><span>&#8211;\u00a0\u00a0du fait du non-respect par vous des pr\u00e9sentes conditions g\u00e9n\u00e9rales.<\/span><\/p>\n<p>&nbsp;<\/p>\n<p><span>L&rsquo;\u00e9diteur n&rsquo;est pas responsable des dommages caus\u00e9s \u00e0 vous-m\u00eame, \u00e0 des tiers et\/ou \u00e0 votre \u00e9quipement du fait de votre connexion ou de votre utilisation du site et vous renoncez \u00e0 toute action contre lui de ce fait.<\/span><\/p>\n<p><span>Si l&rsquo;\u00e9diteur venait \u00e0 faire l&rsquo;objet d&rsquo;une proc\u00e9dure amiable ou judiciaire en\u00a0raison de votre utilisation du site, il pourra se retourner contre vous pour obtenir l&rsquo;indemnisation de tous les pr\u00e9judices, sommes, condamnations et frais qui pourraient d\u00e9couler de cette proc\u00e9dure.<\/span><\/p>\n<p><span><strong>Article 6 &#8211;\u00a0Liens hypertextes<\/strong><\/span><\/p>\n<p><span>La mise en place par les utilisateurs\u00a0de tous liens hypertextes vers tout ou partie du site\u00a0est autoris\u00e9e par l&rsquo;\u00e9diteur. Tout lien devra \u00eatre retir\u00e9 sur simple demande de l&rsquo;\u00e9diteur.\u00a0<\/span><\/p>\n<p><span>Toute information accessible\u00a0via\u00a0un lien vers d&rsquo;autres sites n&rsquo;est pas publi\u00e9e par l&rsquo;\u00e9diteur. L&rsquo;\u00e9diteur ne dispose d&rsquo;aucun droit sur le contenu pr\u00e9sent dans ledit lien.\u00a0<\/span><\/p>\n<p>[\/et_pb_text][\/et_pb_column][\/et_pb_row][\/et_pb_section]<\/p>\n","protected":false},"excerpt":{"rendered":"<p>Mentions L\u00e9galesL&rsquo;entreprise individuelle EI Manon Tourvieille, soucieuse des droits des individus, notamment au regard des traitements automatis\u00e9s et dans une volont\u00e9 de transparence avec ses clients, a mis en place une politique reprenant l\u2019ensemble de ces traitements, des finalit\u00e9s poursuivies par ces derniers ainsi que des moyens d\u2019actions \u00e0 la disposition des individus afin qu\u2019ils [&hellip;]<\/p>\n","protected":false},"author":1,"featured_media":0,"parent":0,"menu_order":0,"comment_status":"closed","ping_status":"closed","template":"","meta":{"_et_pb_use_builder":"on","_et_pb_old_content":"","_et_gb_content_width":"","inline_featured_image":false,"footnotes":""},"class_list":["post-137","page","type-page","status-publish","hentry"],"aioseo_notices":[],"_links":{"self":[{"href":"https:\/\/sophroserein.fr\/index.php?rest_route=\/wp\/v2\/pages\/137","targetHints":{"allow":["GET"]}}],"collection":[{"href":"https:\/\/sophroserein.fr\/index.php?rest_route=\/wp\/v2\/pages"}],"about":[{"href":"https:\/\/sophroserein.fr\/index.php?rest_route=\/wp\/v2\/types\/page"}],"author":[{"embeddable":true,"href":"https:\/\/sophroserein.fr\/index.php?rest_route=\/wp\/v2\/users\/1"}],"replies":[{"embeddable":true,"href":"https:\/\/sophroserein.fr\/index.php?rest_route=%2Fwp%2Fv2%2Fcomments&post=137"}],"version-history":[{"count":12,"href":"https:\/\/sophroserein.fr\/index.php?rest_route=\/wp\/v2\/pages\/137\/revisions"}],"predecessor-version":[{"id":427,"href":"https:\/\/sophroserein.fr\/index.php?rest_route=\/wp\/v2\/pages\/137\/revisions\/427"}],"wp:attachment":[{"href":"https:\/\/sophroserein.fr\/index.php?rest_route=%2Fwp%2Fv2%2Fmedia&parent=137"}],"curies":[{"name":"wp","href":"https:\/\/api.w.org\/{rel}","templated":true}]}}